{"id":1385,"date":"2025-07-29T13:45:30","date_gmt":"2025-07-29T04:45:30","guid":{"rendered":"https:\/\/studio-tales.com\/?page_id=1385"},"modified":"2026-04-18T13:28:58","modified_gmt":"2026-04-18T04:28:58","slug":"service","status":"publish","type":"page","link":"https:\/\/studio-tales.com\/fr\/service\/","title":{"rendered":"SERVICES"},"content":{"rendered":"<p><em>Studio Tales op\u00e8re entre le Japon et Paris - documentant les personnes et les lieux qui m\u00e9ritent d'\u00eatre m\u00e9moris\u00e9s. Disponible dans le monde entier.<\/em><\/p>\n<hr \/>\n<h1>Archives de la lumi\u00e8re humaine<\/h1>\n<p><center><em>L\u00e0 o\u00f9 la pr\u00e9sence humaine devient m\u00e9moire - pour des vies qui valent la peine d'\u00eatre comm\u00e9mor\u00e9es.<\/em><\/center><br \/>\n<a href=\"http:\/\/humanlight.world\"><img data-recalc-dims=\"1\" loading=\"lazy\" decoding=\"async\" src=\"https:\/\/i0.wp.com\/studio-tales.com\/wp-content\/uploads\/2026\/04\/bnr_hl01vr02.jpg?resize=300%2C250&#038;ssl=1\" alt=\"\" width=\"300\" height=\"250\" class=\"aligncenter size-full wp-image-1808\" \/><\/a><\/p>\n<p>Human Light est une archive culturelle internationale qui documente les personnes qui fa\u00e7onnent activement le monde qui les entoure - par l'art, l'artisanat, la culture et les id\u00e9es. Pas d'influence.<br \/>\n<strong>Existence.<\/strong><\/p>\n<p>Chaque archive comprend des portraits artistiques et un article trilingue (japonais\/anglais\/fran\u00e7ais), publi\u00e9 de mani\u00e8re permanente sur <a href=\"https:\/\/humanlight.world\">humanlight.world<\/a>.<\/p>\n<p><strong>Paquet d'archives - 800 \u20ac \/ 150 000 \u00a5<\/strong><\/p>\n<ul>\n<li>S\u00e9ance de photographie prolong\u00e9e - Japon ou Paris<\/li>\n<li>10-15 portraits artistiques \u00e9dit\u00e9s livr\u00e9s<\/li>\n<li>6-8 portraits publi\u00e9s sur humanlight.world<\/li>\n<li>Article structur\u00e9 (600-1 200 mots)<\/li>\n<li>Production trilingue (JP \/ EN \/ FR)<\/li>\n<li>Publication permanente sur humanlight.world<\/li>\n<li>Les archives peuvent \u00eatre s\u00e9lectionn\u00e9es pour l'exposition annuelle Human Light et le livre de photos.<\/li>\n<\/ul>\n<p><strong>Qui nous documentons<\/strong><\/p>\n<ul>\n<li>Artistes, artisans et fabricants<\/li>\n<li>Entrepreneurs et organisateurs culturels<\/li>\n<li>\u00c9ducateurs, chercheurs et penseurs<\/li>\n<li>Toute personne dont le travail m\u00e9rite d'\u00eatre rappel\u00e9<\/li>\n<\/ul>\n<p><em>Les soumissions sont examin\u00e9es par la r\u00e9daction. Nous n'acceptons pas les comptes ax\u00e9s uniquement sur l'image personnelle ou la promotion commerciale.<\/em><\/p>\n<p><strong>Proc\u00e9dure de soumission<\/strong><\/p>\n<ol>\n<li>Soumettre le formulaire de demande de renseignements ci-dessous<\/li>\n<li>Revue \u00e9ditoriale de Studio Tales<\/li>\n<li>Confirmation de l'acceptation<\/li>\n<li>S\u00e9ance photo et interview - Paris (Candy Rose) ou Japon (Studio Tales)<\/li>\n<li>Production d'articles - trilingue (JP \/ EN \/ FR)<\/li>\n<li>Publication permanente sur humanlight.world<\/li>\n<\/ol>\n\n<div class=\"wpcf7 no-js\" id=\"wpcf7-f1129-o1\" lang=\"ja\" dir=\"ltr\" data-wpcf7-id=\"1129\">\n<div class=\"screen-reader-response\"><p role=\"status\" aria-live=\"polite\" aria-atomic=\"true\"><\/p> <ul><\/ul><\/div>\n<form action=\"\/fr\/wp-json\/wp\/v2\/pages\/1385#wpcf7-f1129-o1\" method=\"post\" class=\"wpcf7-form init\" aria-label=\"\u30b3\u30f3\u30bf\u30af\u30c8\u30d5\u30a9\u30fc\u30e0\" novalidate=\"novalidate\" data-status=\"init\" data-trp-original-action=\"\/fr\/wp-json\/wp\/v2\/pages\/1385#wpcf7-f1129-o1\">\n<fieldset class=\"hidden-fields-container\"><input type=\"hidden\" name=\"_wpcf7\" value=\"1129\" \/><input type=\"hidden\" name=\"_wpcf7_version\" value=\"6.1.5\" \/><input type=\"hidden\" name=\"_wpcf7_locale\" value=\"ja\" \/><input type=\"hidden\" name=\"_wpcf7_unit_tag\" value=\"wpcf7-f1129-o1\" \/><input type=\"hidden\" name=\"_wpcf7_container_post\" value=\"0\" \/><input type=\"hidden\" name=\"_wpcf7_posted_data_hash\" value=\"\" \/>\n<\/fieldset>\n<p><label> Nom<br \/>\n<span class=\"wpcf7-form-control-wrap\" data-name=\"your-name\"><input size=\"40\" maxlength=\"400\" class=\"wpcf7-form-control wpcf7-text wpcf7-validates-as-required\" autocomplete=\"name\" aria-required=\"true\" aria-invalid=\"false\" value=\"\" type=\"text\" name=\"your-name\" \/><\/span> <\/label>\n<\/p>\n<p><label> Adresse \u00e9lectronique<br \/>\n<span class=\"wpcf7-form-control-wrap\" data-name=\"email-570\"><input size=\"40\" maxlength=\"400\" class=\"wpcf7-form-control wpcf7-email wpcf7-validates-as-required wpcf7-text wpcf7-validates-as-email\" aria-required=\"true\" aria-invalid=\"false\" value=\"\" type=\"email\" name=\"email-570\" \/><\/span> <\/label>\n<\/p>\n<p><span class=\"wpcf7-form-control-wrap\" data-name=\"radio-236\"><span class=\"wpcf7-form-control wpcf7-radio\"><span class=\"wpcf7-list-item first\"><label><input type=\"radio\" name=\"radio-236\" value=\"Japan\/Studio Tales\" \/><span class=\"wpcf7-list-item-label\">Japon\/Studio Tales<\/span><\/label><\/span><span class=\"wpcf7-list-item last\"><label><input type=\"radio\" name=\"radio-236\" value=\"Paris\/Candy Rose\" \/><span class=\"wpcf7-list-item-label\">Paris\/Candy Rose<\/span><\/label><\/span><\/span><\/span><br \/>\n<label> Type de demande (veuillez en s\u00e9lectionner une ou plusieurs)<br \/>\n<span class=\"wpcf7-form-control-wrap\" data-name=\"select-64\"><select class=\"wpcf7-form-control wpcf7-select wpcf7-validates-as-required\" aria-required=\"true\" aria-invalid=\"false\" name=\"select-64\"><option value=\"Photography &amp; Editorial Documentation\">Photographie et documentation \u00e9ditoriale<\/option><option value=\"Humanlight Archive Feature\">Archives Humanlight<\/option><option value=\"Portrait Session\">S\u00e9ance de portrait<\/option><option value=\"Cultural \/ Tourism Photography\">Photographie culturelle \/ touristique<\/option><option value=\"Article Writing (English \/ French \/ Japanese)\">R\u00e9daction d'articles (anglais \/ fran\u00e7ais \/ japonais)<\/option><option value=\"Other\">Autres<\/option><\/select><\/span><br \/>\n<\/label>\n<\/p>\n<p><label> Message suppl\u00e9mentaire<br \/>\n<span class=\"wpcf7-form-control-wrap\" data-name=\"textarea-852\"><textarea cols=\"40\" rows=\"10\" maxlength=\"2000\" class=\"wpcf7-form-control wpcf7-textarea wpcf7-validates-as-required\" aria-required=\"true\" aria-invalid=\"false\" name=\"textarea-852\"><\/textarea><\/span><br \/>\n<\/label>\n<\/p>\n<p><span class=\"wpcf7-form-control-wrap\" data-name=\"quiz-533\"><label><span class=\"wpcf7-quiz-label\">Quelle est la capitale du Japon ?<\/span> <input size=\"40\" class=\"wpcf7-form-control wpcf7-quiz\" autocomplete=\"off\" aria-required=\"true\" aria-invalid=\"false\" type=\"text\" name=\"quiz-533\" \/><\/label><input type=\"hidden\" name=\"_wpcf7_quiz_answer_quiz-533\" value=\"df1e48d147a8b0b540c0217ebf4b11ca\" \/><\/span><br \/>\nQuestion anti-spam (Veuillez taper : TOKYO)\n<\/p>\n<p><input class=\"wpcf7-form-control wpcf7-submit has-spinner\" type=\"submit\" value=\"Soumettre\" \/>\n<\/p><p style=\"display: none !important;\" class=\"akismet-fields-container\" data-prefix=\"_wpcf7_ak_\"><label>\u0394<textarea name=\"_wpcf7_ak_hp_textarea\" cols=\"45\" rows=\"8\" maxlength=\"100\"><\/textarea><\/label><input type=\"hidden\" id=\"ak_js_1\" name=\"_wpcf7_ak_js\" value=\"207\"\/><script data-jetpack-boost=\"ignore\">document.getElementById( \"ak_js_1\" ).setAttribute( \"value\", ( new Date() ).getTime() );<\/script><\/p><div class=\"wpcf7-response-output\" aria-hidden=\"true\"><\/div>\n<input type=\"hidden\" name=\"trp-form-language\" value=\"fr\"\/><\/form>\n<\/div>\n\n<hr \/>\n<h2>S\u00e9ance de portrait<\/h2>\n<p><center><em>Une session cibl\u00e9e pour capturer votre pr\u00e9sence.<\/em><\/center><br \/>\n<a href=\"https:\/\/candy-rose.com\/en_us\/portraits\/\"><img data-recalc-dims=\"1\" loading=\"lazy\" decoding=\"async\" src=\"https:\/\/i0.wp.com\/studio-tales.com\/wp-content\/uploads\/2026\/03\/cr_hl.jpg?resize=300%2C250&#038;ssl=1\" alt=\"\" width=\"300\" height=\"250\" class=\"aligncenter size-full wp-image-1811\" srcset=\"https:\/\/i0.wp.com\/studio-tales.com\/wp-content\/uploads\/2026\/03\/cr_hl.jpg?w=300&amp;ssl=1 300w, https:\/\/i0.wp.com\/studio-tales.com\/wp-content\/uploads\/2026\/03\/cr_hl.jpg?resize=14%2C12&amp;ssl=1 14w\" sizes=\"auto, (max-width: 300px) 100vw, 300px\" \/><\/a><\/p>\n<p>Disponible au Japon ou \u00e0 Paris. La coordination est assur\u00e9e par Studio Tales dans votre langue.<\/p>\n<p><strong>S\u00e9ance de portrait - \u20ac350 \/ \u00a575,000<\/strong><\/p>\n<ul>\n<li>S\u00e9ance de photographie de 1 \u00e0 2 heures<\/li>\n<li>10-15 portraits artistiques \u00e9dit\u00e9s<\/li>\n<li>Consultation pr\u00e9-session incluse<\/li>\n<li>Guide de localisation - Okinawa \/ Paris<\/li>\n<\/ul>\n<p><em>Les s\u00e9ances de portrait peuvent \u00eatre transform\u00e9es \u00e0 tout moment en archives Human Light compl\u00e8tes.<\/em><\/p>\n<hr \/>\n<h2>Documentation sur l'espace<\/h2>\n<p><center><em>Les lieux ont aussi une pr\u00e9sence.<\/em><\/center><br \/>\n<iframe loading=\"lazy\" width=\"100%\" height=\"640\" frameborder=\"0\" allow=\"xr-spatial-tracking; gyroscope; accelerometer\" allowfullscreen scrolling=\"no\" src=\"https:\/\/kuula.co\/share\/collection\/7DmBC?logo=1&#038;info=1&#038;fs=1&#038;vr=0&#038;sd=1&#038;thumbs=1\"><\/iframe><\/p>\n<p>Photographie 360\u00b0 et standard pour les ateliers, les galeries, les lieux culturels, les sites patrimoniaux et les boutiques. Disponible au Japon et \u00e0 Paris. Peut \u00eatre command\u00e9 partout dans le monde.<\/p>\n<ul>\n<li>Service unique - 300<\/li>\n<li>Compl\u00e9ment \u00e0 tout forfait - \u20ac200<\/li>\n<\/ul>\n<p><iframe loading=\"lazy\" width=\"100%\" height=\"640\" frameborder=\"0\" allow=\"xr-spatial-tracking; gyroscope; accelerometer\" allowfullscreen scrolling=\"no\" src=\"https:\/\/kuula.co\/share\/collection\/71FMR?logo=1&#038;info=1&#038;fs=1&#038;vr=0&#038;sd=1&#038;thumbs=1\"><\/iframe><\/p>\n<hr \/>\n<h2>Projets sur mesure<\/h2>\n<p>Expositions, documentation \u00e0 long terme, collaborations \u00e9ditoriales, partenariats culturels. Chaque projet est unique.<\/p>\n<p><em>Devis individuel. Contactez-nous pour en discuter.<\/em><\/p>\n<hr \/>\n<h2>Deux bases. Une vision. Disponible dans le monde entier.<\/h2>\n<div class=\"s_table\"><table>\n<thead>\n<tr>\n<th style=\"width: 443px;\"><\/th>\n<th style=\"width: 322px; text-align: center;\">Japon<\/th>\n<th style=\"width: 557px; text-align: center;\">Paris<\/th>\n<\/tr>\n<\/thead>\n<tbody>\n<tr>\n<td style=\"width: 443px;\">Photographie<\/td>\n<td style=\"width: 322px; text-align: center;\">Studio Tales<\/td>\n<td style=\"width: 557px; text-align: center;\">CandyRose<\/td>\n<\/tr>\n<tr>\n<td style=\"width: 443px;\">\u00c9ditorial<\/td>\n<td style=\"width: 322px; text-align: center;\">Studio Tales<\/td>\n<td style=\"width: 557px; text-align: center;\">Studio Tales<\/td>\n<\/tr>\n<tr>\n<td style=\"width: 443px;\">Langues<\/td>\n<td style=\"width: 322px; text-align: center;\">JP \/ EN \/ FR<\/td>\n<td style=\"width: 557px; text-align: center;\">JP \/ EN \/ FR<\/td>\n<\/tr>\n<tr>\n<td style=\"width: 443px;\">Demandes de renseignements<\/td>\n<td style=\"width: 322px; text-align: center;\">Dans le monde entier<\/td>\n<td style=\"width: 557px; text-align: center;\">Dans le monde entier<\/td>\n<\/tr>\n<\/tbody>\n<\/table><\/div>\n<hr \/>\n<h2>Aper\u00e7u des prix<\/h2>\n<div class=\"s_table\"><table>\n<thead>\n<tr>\n<th>Service<\/th>\n<th>Prix<\/th>\n<th>Localisation<\/th>\n<\/tr>\n<\/thead>\n<tbody>\n<tr>\n<td>Archives de la lumi\u00e8re humaine<\/td>\n<td>\u20ac800 \/ \u00a5150,000<\/td>\n<td>Japon ou Paris<\/td>\n<\/tr>\n<tr>\n<td>S\u00e9ance de portrait<\/td>\n<td>\u20ac350 \/ \u00a575,000<\/td>\n<td>Japon ou Paris<\/td>\n<\/tr>\n<tr>\n<td>Documentation sur l'espace<\/td>\n<td>300 \u20ac \/ suppl\u00e9ment 200<\/td>\n<td>Japon ou Paris<\/td>\n<\/tr>\n<tr>\n<td>Projets sur mesure<\/td>\n<td>Sur demande<\/td>\n<td>Dans le monde entier<\/td>\n<\/tr>\n<\/tbody>\n<\/table><\/div>\n\n<div class=\"wpcf7 no-js\" id=\"wpcf7-f1129-o2\" lang=\"ja\" dir=\"ltr\" data-wpcf7-id=\"1129\">\n<div class=\"screen-reader-response\"><p role=\"status\" aria-live=\"polite\" aria-atomic=\"true\"><\/p> <ul><\/ul><\/div>\n<form action=\"\/fr\/wp-json\/wp\/v2\/pages\/1385#wpcf7-f1129-o2\" method=\"post\" class=\"wpcf7-form init\" aria-label=\"\u30b3\u30f3\u30bf\u30af\u30c8\u30d5\u30a9\u30fc\u30e0\" novalidate=\"novalidate\" data-status=\"init\" data-trp-original-action=\"\/fr\/wp-json\/wp\/v2\/pages\/1385#wpcf7-f1129-o2\">\n<fieldset class=\"hidden-fields-container\"><input type=\"hidden\" name=\"_wpcf7\" value=\"1129\" \/><input type=\"hidden\" name=\"_wpcf7_version\" value=\"6.1.5\" \/><input type=\"hidden\" name=\"_wpcf7_locale\" value=\"ja\" \/><input type=\"hidden\" name=\"_wpcf7_unit_tag\" value=\"wpcf7-f1129-o2\" \/><input type=\"hidden\" name=\"_wpcf7_container_post\" value=\"0\" \/><input type=\"hidden\" name=\"_wpcf7_posted_data_hash\" value=\"\" \/>\n<\/fieldset>\n<p><label> Nom<br \/>\n<span class=\"wpcf7-form-control-wrap\" data-name=\"your-name\"><input size=\"40\" maxlength=\"400\" class=\"wpcf7-form-control wpcf7-text wpcf7-validates-as-required\" autocomplete=\"name\" aria-required=\"true\" aria-invalid=\"false\" value=\"\" type=\"text\" name=\"your-name\" \/><\/span> <\/label>\n<\/p>\n<p><label> Adresse \u00e9lectronique<br \/>\n<span class=\"wpcf7-form-control-wrap\" data-name=\"email-570\"><input size=\"40\" maxlength=\"400\" class=\"wpcf7-form-control wpcf7-email wpcf7-validates-as-required wpcf7-text wpcf7-validates-as-email\" aria-required=\"true\" aria-invalid=\"false\" value=\"\" type=\"email\" name=\"email-570\" \/><\/span> <\/label>\n<\/p>\n<p><span class=\"wpcf7-form-control-wrap\" data-name=\"radio-236\"><span class=\"wpcf7-form-control wpcf7-radio\"><span class=\"wpcf7-list-item first\"><label><input type=\"radio\" name=\"radio-236\" value=\"Japan\/Studio Tales\" \/><span class=\"wpcf7-list-item-label\">Japon\/Studio Tales<\/span><\/label><\/span><span class=\"wpcf7-list-item last\"><label><input type=\"radio\" name=\"radio-236\" value=\"Paris\/Candy Rose\" \/><span class=\"wpcf7-list-item-label\">Paris\/Candy Rose<\/span><\/label><\/span><\/span><\/span><br \/>\n<label> Type de demande (veuillez en s\u00e9lectionner une ou plusieurs)<br \/>\n<span class=\"wpcf7-form-control-wrap\" data-name=\"select-64\"><select class=\"wpcf7-form-control wpcf7-select wpcf7-validates-as-required\" aria-required=\"true\" aria-invalid=\"false\" name=\"select-64\"><option value=\"Photography &amp; Editorial Documentation\">Photographie et documentation \u00e9ditoriale<\/option><option value=\"Humanlight Archive Feature\">Archives Humanlight<\/option><option value=\"Portrait Session\">S\u00e9ance de portrait<\/option><option value=\"Cultural \/ Tourism Photography\">Photographie culturelle \/ touristique<\/option><option value=\"Article Writing (English \/ French \/ Japanese)\">R\u00e9daction d'articles (anglais \/ fran\u00e7ais \/ japonais)<\/option><option value=\"Other\">Autres<\/option><\/select><\/span><br \/>\n<\/label>\n<\/p>\n<p><label> Message suppl\u00e9mentaire<br \/>\n<span class=\"wpcf7-form-control-wrap\" data-name=\"textarea-852\"><textarea cols=\"40\" rows=\"10\" maxlength=\"2000\" class=\"wpcf7-form-control wpcf7-textarea wpcf7-validates-as-required\" aria-required=\"true\" aria-invalid=\"false\" name=\"textarea-852\"><\/textarea><\/span><br \/>\n<\/label>\n<\/p>\n<p><span class=\"wpcf7-form-control-wrap\" data-name=\"quiz-533\"><label><span class=\"wpcf7-quiz-label\">Quelle est la capitale du Japon ?<\/span> <input size=\"40\" class=\"wpcf7-form-control wpcf7-quiz\" autocomplete=\"off\" aria-required=\"true\" aria-invalid=\"false\" type=\"text\" name=\"quiz-533\" \/><\/label><input type=\"hidden\" name=\"_wpcf7_quiz_answer_quiz-533\" value=\"df1e48d147a8b0b540c0217ebf4b11ca\" \/><\/span><br \/>\nQuestion anti-spam (Veuillez taper : TOKYO)\n<\/p>\n<p><input class=\"wpcf7-form-control wpcf7-submit has-spinner\" type=\"submit\" value=\"Soumettre\" \/>\n<\/p><p style=\"display: none !important;\" class=\"akismet-fields-container\" data-prefix=\"_wpcf7_ak_\"><label>\u0394<textarea name=\"_wpcf7_ak_hp_textarea\" cols=\"45\" rows=\"8\" maxlength=\"100\"><\/textarea><\/label><input type=\"hidden\" id=\"ak_js_2\" name=\"_wpcf7_ak_js\" value=\"209\"\/><script data-jetpack-boost=\"ignore\">document.getElementById( \"ak_js_2\" ).setAttribute( \"value\", ( new Date() ).getTime() );<\/script><\/p><div class=\"wpcf7-response-output\" aria-hidden=\"true\"><\/div>\n<input type=\"hidden\" name=\"trp-form-language\" value=\"fr\"\/><\/form>\n<\/div>","protected":false},"excerpt":{"rendered":"Studio Tales operates between Japan and Paris \u2014 documenting the people and places that deserve to be remembered. Available worldwide. Human Light Archive Where human presence becomes memory \u2014 for lives worth remembering. Human Light is an international cultural archive documenting people who are actively shaping the world around them \u2014 through art, craft, culture, [&hellip;]","protected":false},"author":1,"featured_media":0,"parent":0,"menu_order":0,"comment_status":"closed","ping_status":"closed","template":"","meta":{"advanced_seo_description":"","jetpack_seo_html_title":"","jetpack_seo_noindex":false,"jetpack_post_was_ever_published":false,"footnotes":""},"class_list":["post-1385","page","type-page","status-publish","hentry"],"jetpack-related-posts":[{"id":1729,"url":"https:\/\/studio-tales.com\/fr\/history\/","url_meta":{"origin":1385,"position":0},"title":"Notre histoire","author":"Yu.Mo","date":"2026-02-19","format":false,"excerpt":"As visual culture evolves, we remain committed to recording what is real. Photography, for us, is a practice of presence, context, and accountability. Our History Photography as practice. Photography as possibility. Photography in society. 1. The Beginning \u2014 Hiroshima Women\u2019s Camera Club (2011) In October 2011, Mariko Akimoto founded the\u2026","rel":"","context":"Article similaire","block_context":{"text":"Article similaire","link":""},"img":{"alt_text":"","src":"https:\/\/i0.wp.com\/studio-tales.com\/wp-content\/uploads\/2026\/03\/DSC_4217cc.jpg?resize=350%2C200&ssl=1","width":350,"height":200,"srcset":"https:\/\/i0.wp.com\/studio-tales.com\/wp-content\/uploads\/2026\/03\/DSC_4217cc.jpg?resize=350%2C200&ssl=1 1x, https:\/\/i0.wp.com\/studio-tales.com\/wp-content\/uploads\/2026\/03\/DSC_4217cc.jpg?resize=525%2C300&ssl=1 1.5x, https:\/\/i0.wp.com\/studio-tales.com\/wp-content\/uploads\/2026\/03\/DSC_4217cc.jpg?resize=700%2C400&ssl=1 2x"},"classes":[]}],"jetpack_sharing_enabled":true,"_links":{"self":[{"href":"https:\/\/studio-tales.com\/fr\/wp-json\/wp\/v2\/pages\/1385","targetHints":{"allow":["GET"]}}],"collection":[{"href":"https:\/\/studio-tales.com\/fr\/wp-json\/wp\/v2\/pages"}],"about":[{"href":"https:\/\/studio-tales.com\/fr\/wp-json\/wp\/v2\/types\/page"}],"author":[{"embeddable":true,"href":"https:\/\/studio-tales.com\/fr\/wp-json\/wp\/v2\/users\/1"}],"replies":[{"embeddable":true,"href":"https:\/\/studio-tales.com\/fr\/wp-json\/wp\/v2\/comments?post=1385"}],"version-history":[{"count":35,"href":"https:\/\/studio-tales.com\/fr\/wp-json\/wp\/v2\/pages\/1385\/revisions"}],"predecessor-version":[{"id":1835,"href":"https:\/\/studio-tales.com\/fr\/wp-json\/wp\/v2\/pages\/1385\/revisions\/1835"}],"wp:attachment":[{"href":"https:\/\/studio-tales.com\/fr\/wp-json\/wp\/v2\/media?parent=1385"}],"curies":[{"name":"wp","href":"https:\/\/api.w.org\/{rel}","templated":true}]}}