{"id":1729,"date":"2026-02-19T11:10:58","date_gmt":"2026-02-19T02:10:58","guid":{"rendered":"https:\/\/studio-tales.com\/?page_id=1729"},"modified":"2026-03-01T21:12:02","modified_gmt":"2026-03-01T12:12:02","slug":"lhistoire","status":"publish","type":"page","link":"https:\/\/studio-tales.com\/fr\/history\/","title":{"rendered":"Notre histoire"},"content":{"rendered":"<p><img data-recalc-dims=\"1\" loading=\"lazy\" decoding=\"async\" class=\"aligncenter size-full wp-image-1740\" src=\"https:\/\/i0.wp.com\/studio-tales.com\/wp-content\/uploads\/2026\/02\/DSC08170c.jpg?resize=770%2C433&#038;ssl=1\" alt=\"\" width=\"770\" height=\"433\" srcset=\"https:\/\/i0.wp.com\/studio-tales.com\/wp-content\/uploads\/2026\/02\/DSC08170c.jpg?w=770&amp;ssl=1 770w, https:\/\/i0.wp.com\/studio-tales.com\/wp-content\/uploads\/2026\/02\/DSC08170c.jpg?resize=300%2C169&amp;ssl=1 300w, https:\/\/i0.wp.com\/studio-tales.com\/wp-content\/uploads\/2026\/02\/DSC08170c.jpg?resize=768%2C432&amp;ssl=1 768w, https:\/\/i0.wp.com\/studio-tales.com\/wp-content\/uploads\/2026\/02\/DSC08170c.jpg?resize=18%2C10&amp;ssl=1 18w\" sizes=\"auto, (max-width: 770px) 100vw, 770px\" \/><\/p>\n<h4 style=\"text-align: center;\"><strong><br \/>\nAlors que la culture visuelle \u00e9volue, nous restons d\u00e9termin\u00e9s \u00e0 enregistrer ce qui est r\u00e9el.<br \/>\nPour nous, la photographie est une pratique de pr\u00e9sence, de contexte et de responsabilit\u00e9.<\/strong><\/h4>\n<h2 class=\"styled_h2\">Notre histoire<\/h2>\n<p><strong>La photographie comme pratique. La photographie en tant que possibilit\u00e9. La photographie dans la soci\u00e9t\u00e9.<\/strong><\/p>\n<h3 class=\"styled_h3\">1. Le d\u00e9but - Hiroshima Women's Camera Club (2011)<\/h3>\n<p><img data-recalc-dims=\"1\" loading=\"lazy\" decoding=\"async\" class=\"aligncenter size-full wp-image-1005\" src=\"https:\/\/i0.wp.com\/studio-tales.com\/wp-content\/uploads\/2025\/07\/02.jpg?resize=770%2C212&#038;ssl=1\" alt=\"\" width=\"770\" height=\"212\" srcset=\"https:\/\/i0.wp.com\/studio-tales.com\/wp-content\/uploads\/2025\/07\/02.jpg?w=770&amp;ssl=1 770w, https:\/\/i0.wp.com\/studio-tales.com\/wp-content\/uploads\/2025\/07\/02.jpg?resize=300%2C83&amp;ssl=1 300w, https:\/\/i0.wp.com\/studio-tales.com\/wp-content\/uploads\/2025\/07\/02.jpg?resize=768%2C211&amp;ssl=1 768w, https:\/\/i0.wp.com\/studio-tales.com\/wp-content\/uploads\/2025\/07\/02.jpg?resize=18%2C5&amp;ssl=1 18w\" sizes=\"auto, (max-width: 770px) 100vw, 770px\" \/><\/p>\n<p>En octobre 2011, Mariko Akimoto a fond\u00e9 le Hiroshima Women's Camera Club \u00e0 Saeki Ward, Hiroshima. Le groupe initial \u00e9tait compos\u00e9 de cinq membres.<\/p>\n<p>L'objectif n'\u00e9tait pas seulement l'am\u00e9lioration technique, mais l'exploration du potentiel de la photographie.<\/p>\n<ul>\n<li>Affiner la sensibilit\u00e9 par la pratique visuelle<\/li>\n<li>D\u00e9couvrir des perspectives n\u00e9glig\u00e9es<\/li>\n<li>Communiquer des id\u00e9es et des \u00e9motions par la photographie<\/li>\n<li>Transformer les images en formes portables et imprim\u00e9es<\/li>\n<\/ul>\n<p>La communaut\u00e9 s'est d\u00e9velopp\u00e9e pour atteindre plus de 200 membres inscrits et a organis\u00e9 des expositions, des ateliers et des \u00e9v\u00e9nements publics.<\/p>\n<p>La photographie a \u00e9t\u00e9 trait\u00e9e non seulement comme une \u0153uvre d'art, mais aussi comme un moyen d'expression, de connexion et d'engagement social.<\/p>\n<p><img data-recalc-dims=\"1\" loading=\"lazy\" decoding=\"async\" class=\"aligncenter size-full wp-image-961\" src=\"https:\/\/i0.wp.com\/studio-tales.com\/wp-content\/uploads\/2025\/07\/DSC_2344_optimized-1.jpg?resize=770%2C433&#038;ssl=1\" alt=\"\" width=\"770\" height=\"433\" srcset=\"https:\/\/i0.wp.com\/studio-tales.com\/wp-content\/uploads\/2025\/07\/DSC_2344_optimized-1.jpg?w=770&amp;ssl=1 770w, https:\/\/i0.wp.com\/studio-tales.com\/wp-content\/uploads\/2025\/07\/DSC_2344_optimized-1.jpg?resize=300%2C169&amp;ssl=1 300w, https:\/\/i0.wp.com\/studio-tales.com\/wp-content\/uploads\/2025\/07\/DSC_2344_optimized-1.jpg?resize=768%2C432&amp;ssl=1 768w, https:\/\/i0.wp.com\/studio-tales.com\/wp-content\/uploads\/2025\/07\/DSC_2344_optimized-1.jpg?resize=18%2C10&amp;ssl=1 18w\" sizes=\"auto, (max-width: 770px) 100vw, 770px\" \/><\/p>\n<h3 class=\"styled_h3\">2. D\u00e9veloppement professionnel (2017-2019)<\/h3>\n<p><img data-recalc-dims=\"1\" loading=\"lazy\" decoding=\"async\" class=\"aligncenter size-full wp-image-954\" src=\"https:\/\/i0.wp.com\/studio-tales.com\/wp-content\/uploads\/2025\/07\/DSC_0984.jpg?resize=770%2C433&#038;ssl=1\" alt=\"\" width=\"770\" height=\"433\" srcset=\"https:\/\/i0.wp.com\/studio-tales.com\/wp-content\/uploads\/2025\/07\/DSC_0984.jpg?w=770&amp;ssl=1 770w, https:\/\/i0.wp.com\/studio-tales.com\/wp-content\/uploads\/2025\/07\/DSC_0984.jpg?resize=300%2C169&amp;ssl=1 300w, https:\/\/i0.wp.com\/studio-tales.com\/wp-content\/uploads\/2025\/07\/DSC_0984.jpg?resize=768%2C432&amp;ssl=1 768w, https:\/\/i0.wp.com\/studio-tales.com\/wp-content\/uploads\/2025\/07\/DSC_0984.jpg?resize=18%2C10&amp;ssl=1 18w\" sizes=\"auto, (max-width: 770px) 100vw, 770px\" \/><br \/>\nEn 2017, cinq photographes ont cr\u00e9\u00e9 le \u201cPhoto Communication Lab\u201d. Un atelier r\u00e9nov\u00e9 a ouvert \u00e0 Yokogawa, Hiroshima, servant d'espace pour des ateliers et des activit\u00e9s professionnelles.<\/p>\n<p>En 2018, Studio Tales a \u00e9t\u00e9 lanc\u00e9 en tant que service de photographie bas\u00e9 \u00e0 Saeki Ward.<\/p>\n<p>En 2019, Mariko s'est install\u00e9e \u00e0 Okinawa dans le cadre d'une initiative commerciale collaborative et a lanc\u00e9 le projet Earth Photo.<\/p>\n<p>Au cours de cette p\u00e9riode, les activit\u00e9s se sont \u00e9tendues \u00e0 des domaines professionnels, notamment :<\/p>\n<ul>\n<li>Photographie de mariage<\/li>\n<li>Documentation sur les \u00e9v\u00e9nements<\/li>\n<li>Photographie de portrait<\/li>\n<li>Planification des expositions<\/li>\n<\/ul>\n<p><img data-recalc-dims=\"1\" loading=\"lazy\" decoding=\"async\" class=\"aligncenter size-full wp-image-946\" src=\"https:\/\/i0.wp.com\/studio-tales.com\/wp-content\/uploads\/2025\/07\/20190331_192354.jpg?resize=770%2C433&#038;ssl=1\" alt=\"\" width=\"770\" height=\"433\" srcset=\"https:\/\/i0.wp.com\/studio-tales.com\/wp-content\/uploads\/2025\/07\/20190331_192354.jpg?w=770&amp;ssl=1 770w, https:\/\/i0.wp.com\/studio-tales.com\/wp-content\/uploads\/2025\/07\/20190331_192354.jpg?resize=300%2C169&amp;ssl=1 300w, https:\/\/i0.wp.com\/studio-tales.com\/wp-content\/uploads\/2025\/07\/20190331_192354.jpg?resize=768%2C432&amp;ssl=1 768w, https:\/\/i0.wp.com\/studio-tales.com\/wp-content\/uploads\/2025\/07\/20190331_192354.jpg?resize=18%2C10&amp;ssl=1 18w\" sizes=\"auto, (max-width: 770px) 100vw, 770px\" \/><\/p>\n<h3 class=\"styled_h3\">3. Expositions et engagement du public<\/h3>\n<p>Parmi les principales expositions et les principaux projets, citons<\/p>\n<ul>\n<li>Expositions de photos du Hiroshima Women's Camera Club<\/li>\n<li>Exposition de la galerie Panasonic<\/li>\n<li>Exposition de photos du 70e anniversaire de la reconstruction d'Hiroshima<\/li>\n<li>Expositions communautaires en collaboration<\/li>\n<li>2023 : Exposition Art Furoshiki \u00e0 la Cit\u00e9 Internationale Universitaire de Paris<\/li>\n<\/ul>\n<p>D'autres initiatives comprennent des \u00e9v\u00e9nements photographiques th\u00e9matiques, des projets de documentation culturelle et des s\u00e9minaires publics.<br \/>\n<img data-recalc-dims=\"1\" loading=\"lazy\" decoding=\"async\" class=\"aligncenter size-full wp-image-991\" src=\"https:\/\/i0.wp.com\/studio-tales.com\/wp-content\/uploads\/2025\/07\/DSC_9077-%E3%81%AE%E3%82%B3%E3%83%94%E3%83%BC.jpg?resize=770%2C433&#038;ssl=1\" alt=\"\" width=\"770\" height=\"433\" srcset=\"https:\/\/i0.wp.com\/studio-tales.com\/wp-content\/uploads\/2025\/07\/DSC_9077-%E3%81%AE%E3%82%B3%E3%83%94%E3%83%BC.jpg?w=770&amp;ssl=1 770w, https:\/\/i0.wp.com\/studio-tales.com\/wp-content\/uploads\/2025\/07\/DSC_9077-%E3%81%AE%E3%82%B3%E3%83%94%E3%83%BC.jpg?resize=300%2C169&amp;ssl=1 300w, https:\/\/i0.wp.com\/studio-tales.com\/wp-content\/uploads\/2025\/07\/DSC_9077-%E3%81%AE%E3%82%B3%E3%83%94%E3%83%BC.jpg?resize=768%2C432&amp;ssl=1 768w, https:\/\/i0.wp.com\/studio-tales.com\/wp-content\/uploads\/2025\/07\/DSC_9077-%E3%81%AE%E3%82%B3%E3%83%94%E3%83%BC.jpg?resize=18%2C10&amp;ssl=1 18w\" sizes=\"auto, (max-width: 770px) 100vw, 770px\" \/><\/p>\n<h3 class=\"styled_h3\">4. Couverture m\u00e9diatique<\/h3>\n<p>En vedette dans :<\/p>\n<ul>\n<li>RCC Radio (plusieurs apparitions)<\/li>\n<li>T\u00e9l\u00e9vision d'Hiroshima<\/li>\n<li>TSS Television Shin-Hiroshima<\/li>\n<li>Radio NHK<\/li>\n<li>The Chugoku Shimbun (journal r\u00e9gional, plusieurs titres)<\/li>\n<li>Magazine espagnol SHIBUMI<\/li>\n<\/ul>\n<p>Ces apparitions refl\u00e8tent la reconnaissance de la photographie en tant que pratique sociale et culturelle.<\/p>\n<p><img data-recalc-dims=\"1\" loading=\"lazy\" decoding=\"async\" src=\"https:\/\/i0.wp.com\/studio-tales.com\/wp-content\/uploads\/2026\/03\/DSC_4217cc.jpg?resize=770%2C433&#038;ssl=1\" alt=\"\" width=\"770\" height=\"433\" class=\"aligncenter size-full wp-image-1794\" srcset=\"https:\/\/i0.wp.com\/studio-tales.com\/wp-content\/uploads\/2026\/03\/DSC_4217cc.jpg?w=770&amp;ssl=1 770w, https:\/\/i0.wp.com\/studio-tales.com\/wp-content\/uploads\/2026\/03\/DSC_4217cc.jpg?resize=300%2C169&amp;ssl=1 300w, https:\/\/i0.wp.com\/studio-tales.com\/wp-content\/uploads\/2026\/03\/DSC_4217cc.jpg?resize=768%2C432&amp;ssl=1 768w, https:\/\/i0.wp.com\/studio-tales.com\/wp-content\/uploads\/2026\/03\/DSC_4217cc.jpg?resize=18%2C10&amp;ssl=1 18w\" sizes=\"auto, (max-width: 770px) 100vw, 770px\" \/><\/p>\n<h3 class=\"styled_h3\">5. Int\u00e9gration et orientation actuelle (2025-)<\/h3>\n<p>En 2025, le Hiroshima Women's Camera Club, Studio Tales et Earth Photo Project ont \u00e9t\u00e9 int\u00e9gr\u00e9s dans une plateforme unifi\u00e9e.<\/p>\n<p>Studio Tales est aujourd'hui pr\u00e9sent \u00e0 Okinawa, \u00e0 Hiroshima et en France.<\/p>\n<p>Les activit\u00e9s principales sont les suivantes<\/p>\n<ul>\n<li>Photographie (y compris la documentation spatiale \u00e0 360 degr\u00e9s)<\/li>\n<li>R\u00e9daction et production d'articles structur\u00e9s<\/li>\n<li>Documentation culturelle et sociale<\/li>\n<li>Une exposition annuelle r\u00e9sumant les travaux en cours<\/li>\n<\/ul>\n<p>Studio Tales continue d'h\u00e9riter de sa philosophie fondatrice :<\/p>","protected":false},"excerpt":{"rendered":"As visual culture evolves, we remain committed to recording what is real. Photography, for us, is a practice of presence, context, and accountability. Our History Photography as practice. Photography as possibility. Photography in society. 1. The Beginning \u2014 Hiroshima Women\u2019s Camera Club (2011) In October 2011, Mariko Akimoto founded the Hiroshima Women\u2019s Camera Club in [&hellip;]","protected":false},"author":1,"featured_media":0,"parent":0,"menu_order":0,"comment_status":"closed","ping_status":"closed","template":"","meta":{"advanced_seo_description":"","jetpack_seo_html_title":"","jetpack_seo_noindex":false,"jetpack_post_was_ever_published":false,"footnotes":""},"class_list":["post-1729","page","type-page","status-publish","hentry"],"jetpack-related-posts":[],"jetpack_sharing_enabled":true,"_links":{"self":[{"href":"https:\/\/studio-tales.com\/fr\/wp-json\/wp\/v2\/pages\/1729","targetHints":{"allow":["GET"]}}],"collection":[{"href":"https:\/\/studio-tales.com\/fr\/wp-json\/wp\/v2\/pages"}],"about":[{"href":"https:\/\/studio-tales.com\/fr\/wp-json\/wp\/v2\/types\/page"}],"author":[{"embeddable":true,"href":"https:\/\/studio-tales.com\/fr\/wp-json\/wp\/v2\/users\/1"}],"replies":[{"embeddable":true,"href":"https:\/\/studio-tales.com\/fr\/wp-json\/wp\/v2\/comments?post=1729"}],"version-history":[{"count":21,"href":"https:\/\/studio-tales.com\/fr\/wp-json\/wp\/v2\/pages\/1729\/revisions"}],"predecessor-version":[{"id":1795,"href":"https:\/\/studio-tales.com\/fr\/wp-json\/wp\/v2\/pages\/1729\/revisions\/1795"}],"wp:attachment":[{"href":"https:\/\/studio-tales.com\/fr\/wp-json\/wp\/v2\/media?parent=1729"}],"curies":[{"name":"wp","href":"https:\/\/api.w.org\/{rel}","templated":true}]}}